{"id":1905,"date":"2018-11-01T21:01:45","date_gmt":"2018-11-01T20:01:45","guid":{"rendered":"https:\/\/www.slovakbabybox.sk\/?post_type=product&#038;p=1905"},"modified":"2018-11-01T22:50:21","modified_gmt":"2018-11-01T21:50:21","slug":"nuk-welcome-set","status":"publish","type":"product","link":"https:\/\/www.slovakbabybox.sk\/en\/product\/nuk-welcome-set\/","title":{"rendered":"NUK Welcome Set"},"content":{"rendered":"<p><strong>NUK Welcome Set<\/strong> contains:<\/p>\n<p>&#8211; NUK Genius \u201cMy First NUK\u201d silicone pacifier, 0 to 6 months<br \/>\n&#8211; NUK Pacifier Box for hygienic storage<br \/>\n&#8211; NUK Baby Brush for gentle haircare<br \/>\n&#8211; NUK Baby Nail Scissors (incl. protective cap) for baby\u2019s nail care<br \/>\n&#8211; NUK Cool Teether Set, with massaging ring \u201cClassic\u201d and teething ring \u201cCool\u201d (suitable from 3 months on)<br \/>\n&#8211; NUK Brush-and-Bite Teething Trainer<br \/>\n&#8211; NUK Brushing Trainer, incl. protective ring (suitable from 6 months on)<\/p>\n<p>Perfect starter kit for new-borns. Great for giving away as a present.<\/p>\n","protected":false},"excerpt":{"rendered":"<p>NUK Welcome Set contains: &#8211; NUK Genius \u201cMy First NUK\u201d silicone pacifier, 0 to 6 months &#8211; NUK Pacifier Box for hygienic storage &#8211; NUK Baby Brush for gentle haircare &#8211; NUK Baby Nail Scissors (incl. protective cap) for baby\u2019s nail care &#8211; NUK Cool Teether Set, with massaging ring \u201cClassic\u201d and teething ring \u201cCool\u201d [&hellip;]<\/p>\n","protected":false},"featured_media":1073,"template":"","meta":{"_acf_changed":false},"product_brand":[],"product_cat":[307],"product_tag":[],"class_list":{"0":"post-1905","1":"product","2":"type-product","3":"status-publish","4":"has-post-thumbnail","6":"product_cat-rozne-en","7":"product_shipping_class-test-2-en","9":"first","10":"outofstock","11":"taxable","12":"shipping-taxable","13":"purchasable","14":"product-type-simple"},"acf":[],"yoast_head":"<!-- This site is optimized with the Yoast SEO plugin v26.1 - https:\/\/yoast.com\/wordpress\/plugins\/seo\/ -->\n<title>NUK Welcome Set - Slovak Baby Box<\/title>\n<meta name=\"description\" content=\"The NUK Welcome Set contains everything you need for newborns as well as older babies. All this is stored in a practical and high-quality nylon bag that combines two neutral colours (grey and mint green). The welcome set contains many essentials a baby needs and it is a wonderful gift.\" \/>\n<meta name=\"robots\" content=\"index, follow, max-snippet:-1, max-image-preview:large, max-video-preview:-1\" \/>\n<link rel=\"canonical\" href=\"https:\/\/www.slovakbabybox.sk\/en\/product\/nuk-welcome-set\/\" \/>\n<meta property=\"og:locale\" content=\"en_US\" \/>\n<meta property=\"og:type\" content=\"article\" \/>\n<meta property=\"og:title\" content=\"NUK Welcome Set - Slovak Baby Box\" \/>\n<meta property=\"og:description\" content=\"The NUK Welcome Set contains everything you need for newborns as well as older babies. All this is stored in a practical and high-quality nylon bag that combines two neutral colours (grey and mint green). The welcome set contains many essentials a baby needs and it is a wonderful gift.\" \/>\n<meta property=\"og:url\" content=\"https:\/\/www.slovakbabybox.sk\/en\/product\/nuk-welcome-set\/\" \/>\n<meta property=\"og:site_name\" content=\"Slovak Baby Box\" \/>\n<meta property=\"article:modified_time\" content=\"2018-11-01T21:50:21+00:00\" \/>\n<meta property=\"og:image\" content=\"https:\/\/www.slovakbabybox.sk\/wp-content\/uploads\/2018\/03\/nuk-welcomeset.jpg\" \/>\n\t<meta property=\"og:image:width\" content=\"1224\" \/>\n\t<meta property=\"og:image:height\" content=\"728\" \/>\n\t<meta property=\"og:image:type\" content=\"image\/jpeg\" \/>\n<meta name=\"twitter:card\" content=\"summary_large_image\" \/>\n<script type=\"application\/ld+json\" class=\"yoast-schema-graph\">{\"@context\":\"https:\/\/schema.org\",\"@graph\":[{\"@type\":\"WebPage\",\"@id\":\"https:\/\/www.slovakbabybox.sk\/en\/product\/nuk-welcome-set\/\",\"url\":\"https:\/\/www.slovakbabybox.sk\/en\/product\/nuk-welcome-set\/\",\"name\":\"NUK Welcome Set - Slovak Baby Box\",\"isPartOf\":{\"@id\":\"https:\/\/www.slovakbabybox.sk\/en\/#website\"},\"primaryImageOfPage\":{\"@id\":\"https:\/\/www.slovakbabybox.sk\/en\/product\/nuk-welcome-set\/#primaryimage\"},\"image\":{\"@id\":\"https:\/\/www.slovakbabybox.sk\/en\/product\/nuk-welcome-set\/#primaryimage\"},\"thumbnailUrl\":\"https:\/\/www.slovakbabybox.sk\/wp-content\/uploads\/2018\/03\/nuk-welcomeset.jpg\",\"datePublished\":\"2018-11-01T20:01:45+00:00\",\"dateModified\":\"2018-11-01T21:50:21+00:00\",\"description\":\"The NUK Welcome Set contains everything you need for newborns as well as older babies. All this is stored in a practical and high-quality nylon bag that combines two neutral colours (grey and mint green). The welcome set contains many essentials a baby needs and it is a wonderful gift.\",\"breadcrumb\":{\"@id\":\"https:\/\/www.slovakbabybox.sk\/en\/product\/nuk-welcome-set\/#breadcrumb\"},\"inLanguage\":\"en-US\",\"potentialAction\":[{\"@type\":\"ReadAction\",\"target\":[\"https:\/\/www.slovakbabybox.sk\/en\/product\/nuk-welcome-set\/\"]}]},{\"@type\":\"ImageObject\",\"inLanguage\":\"en-US\",\"@id\":\"https:\/\/www.slovakbabybox.sk\/en\/product\/nuk-welcome-set\/#primaryimage\",\"url\":\"https:\/\/www.slovakbabybox.sk\/wp-content\/uploads\/2018\/03\/nuk-welcomeset.jpg\",\"contentUrl\":\"https:\/\/www.slovakbabybox.sk\/wp-content\/uploads\/2018\/03\/nuk-welcomeset.jpg\",\"width\":1224,\"height\":728,\"caption\":\"Nuk Welcome Set\"},{\"@type\":\"BreadcrumbList\",\"@id\":\"https:\/\/www.slovakbabybox.sk\/en\/product\/nuk-welcome-set\/#breadcrumb\",\"itemListElement\":[{\"@type\":\"ListItem\",\"position\":1,\"name\":\"Home\",\"item\":\"https:\/\/www.slovakbabybox.sk\/en\/\"},{\"@type\":\"ListItem\",\"position\":2,\"name\":\"Products\",\"item\":\"https:\/\/www.slovakbabybox.sk\/en\/shop\/\"},{\"@type\":\"ListItem\",\"position\":3,\"name\":\"NUK Welcome Set\"}]},{\"@type\":\"WebSite\",\"@id\":\"https:\/\/www.slovakbabybox.sk\/en\/#website\",\"url\":\"https:\/\/www.slovakbabybox.sk\/en\/\",\"name\":\"Slovak Baby Box\",\"description\":\"\u0160tartovac\u00ed bal\u00ed\u010dek pre b\u00e1b\u00e4tk\u00e1 in\u0161pirovan\u00fd f\u00ednskou trad\u00edciou\",\"potentialAction\":[{\"@type\":\"SearchAction\",\"target\":{\"@type\":\"EntryPoint\",\"urlTemplate\":\"https:\/\/www.slovakbabybox.sk\/en\/?s={search_term_string}\"},\"query-input\":{\"@type\":\"PropertyValueSpecification\",\"valueRequired\":true,\"valueName\":\"search_term_string\"}}],\"inLanguage\":\"en-US\"}]}<\/script>\n<!-- \/ Yoast SEO plugin. -->","yoast_head_json":{"title":"NUK Welcome Set - Slovak Baby Box","description":"The NUK Welcome Set contains everything you need for newborns as well as older babies. All this is stored in a practical and high-quality nylon bag that combines two neutral colours (grey and mint green). The welcome set contains many essentials a baby needs and it is a wonderful gift.","robots":{"index":"index","follow":"follow","max-snippet":"max-snippet:-1","max-image-preview":"max-image-preview:large","max-video-preview":"max-video-preview:-1"},"canonical":"https:\/\/www.slovakbabybox.sk\/en\/product\/nuk-welcome-set\/","og_locale":"en_US","og_type":"article","og_title":"NUK Welcome Set - Slovak Baby Box","og_description":"The NUK Welcome Set contains everything you need for newborns as well as older babies. All this is stored in a practical and high-quality nylon bag that combines two neutral colours (grey and mint green). The welcome set contains many essentials a baby needs and it is a wonderful gift.","og_url":"https:\/\/www.slovakbabybox.sk\/en\/product\/nuk-welcome-set\/","og_site_name":"Slovak Baby Box","article_modified_time":"2018-11-01T21:50:21+00:00","og_image":[{"width":1224,"height":728,"url":"https:\/\/www.slovakbabybox.sk\/wp-content\/uploads\/2018\/03\/nuk-welcomeset.jpg","type":"image\/jpeg"}],"twitter_card":"summary_large_image","schema":{"@context":"https:\/\/schema.org","@graph":[{"@type":"WebPage","@id":"https:\/\/www.slovakbabybox.sk\/en\/product\/nuk-welcome-set\/","url":"https:\/\/www.slovakbabybox.sk\/en\/product\/nuk-welcome-set\/","name":"NUK Welcome Set - Slovak Baby Box","isPartOf":{"@id":"https:\/\/www.slovakbabybox.sk\/en\/#website"},"primaryImageOfPage":{"@id":"https:\/\/www.slovakbabybox.sk\/en\/product\/nuk-welcome-set\/#primaryimage"},"image":{"@id":"https:\/\/www.slovakbabybox.sk\/en\/product\/nuk-welcome-set\/#primaryimage"},"thumbnailUrl":"https:\/\/www.slovakbabybox.sk\/wp-content\/uploads\/2018\/03\/nuk-welcomeset.jpg","datePublished":"2018-11-01T20:01:45+00:00","dateModified":"2018-11-01T21:50:21+00:00","description":"The NUK Welcome Set contains everything you need for newborns as well as older babies. All this is stored in a practical and high-quality nylon bag that combines two neutral colours (grey and mint green). The welcome set contains many essentials a baby needs and it is a wonderful gift.","breadcrumb":{"@id":"https:\/\/www.slovakbabybox.sk\/en\/product\/nuk-welcome-set\/#breadcrumb"},"inLanguage":"en-US","potentialAction":[{"@type":"ReadAction","target":["https:\/\/www.slovakbabybox.sk\/en\/product\/nuk-welcome-set\/"]}]},{"@type":"ImageObject","inLanguage":"en-US","@id":"https:\/\/www.slovakbabybox.sk\/en\/product\/nuk-welcome-set\/#primaryimage","url":"https:\/\/www.slovakbabybox.sk\/wp-content\/uploads\/2018\/03\/nuk-welcomeset.jpg","contentUrl":"https:\/\/www.slovakbabybox.sk\/wp-content\/uploads\/2018\/03\/nuk-welcomeset.jpg","width":1224,"height":728,"caption":"Nuk Welcome Set"},{"@type":"BreadcrumbList","@id":"https:\/\/www.slovakbabybox.sk\/en\/product\/nuk-welcome-set\/#breadcrumb","itemListElement":[{"@type":"ListItem","position":1,"name":"Home","item":"https:\/\/www.slovakbabybox.sk\/en\/"},{"@type":"ListItem","position":2,"name":"Products","item":"https:\/\/www.slovakbabybox.sk\/en\/shop\/"},{"@type":"ListItem","position":3,"name":"NUK Welcome Set"}]},{"@type":"WebSite","@id":"https:\/\/www.slovakbabybox.sk\/en\/#website","url":"https:\/\/www.slovakbabybox.sk\/en\/","name":"Slovak Baby Box","description":"\u0160tartovac\u00ed bal\u00ed\u010dek pre b\u00e1b\u00e4tk\u00e1 in\u0161pirovan\u00fd f\u00ednskou trad\u00edciou","potentialAction":[{"@type":"SearchAction","target":{"@type":"EntryPoint","urlTemplate":"https:\/\/www.slovakbabybox.sk\/en\/?s={search_term_string}"},"query-input":{"@type":"PropertyValueSpecification","valueRequired":true,"valueName":"search_term_string"}}],"inLanguage":"en-US"}]}},"_links":{"self":[{"href":"https:\/\/www.slovakbabybox.sk\/en\/wp-json\/wp\/v2\/product\/1905","targetHints":{"allow":["GET"]}}],"collection":[{"href":"https:\/\/www.slovakbabybox.sk\/en\/wp-json\/wp\/v2\/product"}],"about":[{"href":"https:\/\/www.slovakbabybox.sk\/en\/wp-json\/wp\/v2\/types\/product"}],"wp:featuredmedia":[{"embeddable":true,"href":"https:\/\/www.slovakbabybox.sk\/en\/wp-json\/wp\/v2\/media\/1073"}],"wp:attachment":[{"href":"https:\/\/www.slovakbabybox.sk\/en\/wp-json\/wp\/v2\/media?parent=1905"}],"wp:term":[{"taxonomy":"product_brand","embeddable":true,"href":"https:\/\/www.slovakbabybox.sk\/en\/wp-json\/wp\/v2\/product_brand?post=1905"},{"taxonomy":"product_cat","embeddable":true,"href":"https:\/\/www.slovakbabybox.sk\/en\/wp-json\/wp\/v2\/product_cat?post=1905"},{"taxonomy":"product_tag","embeddable":true,"href":"https:\/\/www.slovakbabybox.sk\/en\/wp-json\/wp\/v2\/product_tag?post=1905"}],"curies":[{"name":"wp","href":"https:\/\/api.w.org\/{rel}","templated":true}]}}