{"id":1010,"date":"2018-02-07T15:05:51","date_gmt":"2018-02-07T14:05:51","guid":{"rendered":"https:\/\/www.slovakbabybox.sk\/produkt\/klasik\/"},"modified":"2019-08-10T16:58:02","modified_gmt":"2019-08-10T14:58:02","slug":"classic","status":"publish","type":"product","link":"https:\/\/www.slovakbabybox.sk\/en\/product\/classic\/","title":{"rendered":"Classic"},"content":{"rendered":"<p>Slovak Baby Box Classic is starter kit for baby consists of <strong>45 useful essentials<\/strong>. You will find mattress, bed sheet, stockings, hats and mitts, bodysuits &amp; rompers, cotton diapers, swaddle wraps, socks, soother, bottle, rattle, comforter toy, baby toiletries, bra pads and other essentials. Baby Box Classic is neutral in color and ideal for new mothers who need little advise regarding layette for their baby. It is also perfect gift for Baby Shower or christening party. If you are looking for more luxury layette, check out our <a href=\"http:\/\/www.slovakbabybox.sk\/en\/product\/luxury\/\">Luxury version<\/a> of Slovak Baby Box.<\/p>\n<p><strong>Free shipping within Slovak Republic.<\/strong><\/p>\n","protected":false},"excerpt":{"rendered":"<p>Slovak Baby Box Classic starter kit for baby consists of <strong>45 useful essentials<\/strong> including baby clothes in neutral colors and toiletries. Perfect gift for <strong>Baby Shower<\/strong>.<\/p>\n","protected":false},"featured_media":676,"template":"","meta":{"_acf_changed":false},"product_brand":[],"product_cat":[15],"product_tag":[],"class_list":{"0":"post-1010","1":"product","2":"type-product","3":"status-publish","4":"has-post-thumbnail","6":"product_cat-slovak-baby-box-en","8":"first","9":"outofstock","10":"taxable","11":"shipping-taxable","12":"purchasable","13":"product-type-variable"},"acf":[],"yoast_head":"<!-- This site is optimized with the Yoast SEO plugin v26.1 - https:\/\/yoast.com\/wordpress\/plugins\/seo\/ -->\n<title>Classic | Slovak Baby Box - original gift for Baby Shower<\/title>\n<meta name=\"description\" content=\"Starter kit for mother with child. It contains baby essentials, you will need in first weeks with your newborn. Ideal gift for Baby Shower.\" \/>\n<meta name=\"robots\" content=\"index, follow, max-snippet:-1, max-image-preview:large, max-video-preview:-1\" \/>\n<link rel=\"canonical\" href=\"https:\/\/www.slovakbabybox.sk\/en\/product\/classic\/\" \/>\n<meta property=\"og:locale\" content=\"en_US\" \/>\n<meta property=\"og:type\" content=\"article\" \/>\n<meta property=\"og:title\" content=\"Classic | Slovak Baby Box - original gift for Baby Shower\" \/>\n<meta property=\"og:description\" content=\"Starter kit for mother with child. It contains baby essentials, you will need in first weeks with your newborn. Ideal gift for Baby Shower.\" \/>\n<meta property=\"og:url\" content=\"https:\/\/www.slovakbabybox.sk\/en\/product\/classic\/\" \/>\n<meta property=\"og:site_name\" content=\"Slovak Baby Box\" \/>\n<meta property=\"article:modified_time\" content=\"2019-08-10T14:58:02+00:00\" \/>\n<meta property=\"og:image\" content=\"https:\/\/www.slovakbabybox.sk\/wp-content\/uploads\/2018\/02\/Slovak-Baby-Box-Klasik.png\" \/>\n\t<meta property=\"og:image:width\" content=\"1000\" \/>\n\t<meta property=\"og:image:height\" content=\"1260\" \/>\n\t<meta property=\"og:image:type\" content=\"image\/png\" \/>\n<meta name=\"twitter:card\" content=\"summary_large_image\" \/>\n<script type=\"application\/ld+json\" class=\"yoast-schema-graph\">{\"@context\":\"https:\/\/schema.org\",\"@graph\":[{\"@type\":\"WebPage\",\"@id\":\"https:\/\/www.slovakbabybox.sk\/en\/product\/classic\/\",\"url\":\"https:\/\/www.slovakbabybox.sk\/en\/product\/classic\/\",\"name\":\"Classic | Slovak Baby Box - original gift for Baby Shower\",\"isPartOf\":{\"@id\":\"https:\/\/www.slovakbabybox.sk\/en\/#website\"},\"primaryImageOfPage\":{\"@id\":\"https:\/\/www.slovakbabybox.sk\/en\/product\/classic\/#primaryimage\"},\"image\":{\"@id\":\"https:\/\/www.slovakbabybox.sk\/en\/product\/classic\/#primaryimage\"},\"thumbnailUrl\":\"https:\/\/www.slovakbabybox.sk\/wp-content\/uploads\/2018\/02\/Slovak-Baby-Box-Klasik.png\",\"datePublished\":\"2018-02-07T14:05:51+00:00\",\"dateModified\":\"2019-08-10T14:58:02+00:00\",\"description\":\"Starter kit for mother with child. It contains baby essentials, you will need in first weeks with your newborn. Ideal gift for Baby Shower.\",\"breadcrumb\":{\"@id\":\"https:\/\/www.slovakbabybox.sk\/en\/product\/classic\/#breadcrumb\"},\"inLanguage\":\"en-US\",\"potentialAction\":[{\"@type\":\"ReadAction\",\"target\":[\"https:\/\/www.slovakbabybox.sk\/en\/product\/classic\/\"]}]},{\"@type\":\"ImageObject\",\"inLanguage\":\"en-US\",\"@id\":\"https:\/\/www.slovakbabybox.sk\/en\/product\/classic\/#primaryimage\",\"url\":\"https:\/\/www.slovakbabybox.sk\/wp-content\/uploads\/2018\/02\/Slovak-Baby-Box-Klasik.png\",\"contentUrl\":\"https:\/\/www.slovakbabybox.sk\/wp-content\/uploads\/2018\/02\/Slovak-Baby-Box-Klasik.png\",\"width\":1000,\"height\":1260,\"caption\":\"Slovak-Baby-Box-Klasik\"},{\"@type\":\"BreadcrumbList\",\"@id\":\"https:\/\/www.slovakbabybox.sk\/en\/product\/classic\/#breadcrumb\",\"itemListElement\":[{\"@type\":\"ListItem\",\"position\":1,\"name\":\"Home\",\"item\":\"https:\/\/www.slovakbabybox.sk\/en\/\"},{\"@type\":\"ListItem\",\"position\":2,\"name\":\"Products\",\"item\":\"https:\/\/www.slovakbabybox.sk\/en\/shop\/\"},{\"@type\":\"ListItem\",\"position\":3,\"name\":\"Classic\"}]},{\"@type\":\"WebSite\",\"@id\":\"https:\/\/www.slovakbabybox.sk\/en\/#website\",\"url\":\"https:\/\/www.slovakbabybox.sk\/en\/\",\"name\":\"Slovak Baby Box\",\"description\":\"\u0160tartovac\u00ed bal\u00ed\u010dek pre b\u00e1b\u00e4tk\u00e1 in\u0161pirovan\u00fd f\u00ednskou trad\u00edciou\",\"potentialAction\":[{\"@type\":\"SearchAction\",\"target\":{\"@type\":\"EntryPoint\",\"urlTemplate\":\"https:\/\/www.slovakbabybox.sk\/en\/?s={search_term_string}\"},\"query-input\":{\"@type\":\"PropertyValueSpecification\",\"valueRequired\":true,\"valueName\":\"search_term_string\"}}],\"inLanguage\":\"en-US\"}]}<\/script>\n<!-- \/ Yoast SEO plugin. -->","yoast_head_json":{"title":"Classic | Slovak Baby Box - original gift for Baby Shower","description":"Starter kit for mother with child. It contains baby essentials, you will need in first weeks with your newborn. Ideal gift for Baby Shower.","robots":{"index":"index","follow":"follow","max-snippet":"max-snippet:-1","max-image-preview":"max-image-preview:large","max-video-preview":"max-video-preview:-1"},"canonical":"https:\/\/www.slovakbabybox.sk\/en\/product\/classic\/","og_locale":"en_US","og_type":"article","og_title":"Classic | Slovak Baby Box - original gift for Baby Shower","og_description":"Starter kit for mother with child. It contains baby essentials, you will need in first weeks with your newborn. Ideal gift for Baby Shower.","og_url":"https:\/\/www.slovakbabybox.sk\/en\/product\/classic\/","og_site_name":"Slovak Baby Box","article_modified_time":"2019-08-10T14:58:02+00:00","og_image":[{"width":1000,"height":1260,"url":"https:\/\/www.slovakbabybox.sk\/wp-content\/uploads\/2018\/02\/Slovak-Baby-Box-Klasik.png","type":"image\/png"}],"twitter_card":"summary_large_image","schema":{"@context":"https:\/\/schema.org","@graph":[{"@type":"WebPage","@id":"https:\/\/www.slovakbabybox.sk\/en\/product\/classic\/","url":"https:\/\/www.slovakbabybox.sk\/en\/product\/classic\/","name":"Classic | Slovak Baby Box - original gift for Baby Shower","isPartOf":{"@id":"https:\/\/www.slovakbabybox.sk\/en\/#website"},"primaryImageOfPage":{"@id":"https:\/\/www.slovakbabybox.sk\/en\/product\/classic\/#primaryimage"},"image":{"@id":"https:\/\/www.slovakbabybox.sk\/en\/product\/classic\/#primaryimage"},"thumbnailUrl":"https:\/\/www.slovakbabybox.sk\/wp-content\/uploads\/2018\/02\/Slovak-Baby-Box-Klasik.png","datePublished":"2018-02-07T14:05:51+00:00","dateModified":"2019-08-10T14:58:02+00:00","description":"Starter kit for mother with child. It contains baby essentials, you will need in first weeks with your newborn. Ideal gift for Baby Shower.","breadcrumb":{"@id":"https:\/\/www.slovakbabybox.sk\/en\/product\/classic\/#breadcrumb"},"inLanguage":"en-US","potentialAction":[{"@type":"ReadAction","target":["https:\/\/www.slovakbabybox.sk\/en\/product\/classic\/"]}]},{"@type":"ImageObject","inLanguage":"en-US","@id":"https:\/\/www.slovakbabybox.sk\/en\/product\/classic\/#primaryimage","url":"https:\/\/www.slovakbabybox.sk\/wp-content\/uploads\/2018\/02\/Slovak-Baby-Box-Klasik.png","contentUrl":"https:\/\/www.slovakbabybox.sk\/wp-content\/uploads\/2018\/02\/Slovak-Baby-Box-Klasik.png","width":1000,"height":1260,"caption":"Slovak-Baby-Box-Klasik"},{"@type":"BreadcrumbList","@id":"https:\/\/www.slovakbabybox.sk\/en\/product\/classic\/#breadcrumb","itemListElement":[{"@type":"ListItem","position":1,"name":"Home","item":"https:\/\/www.slovakbabybox.sk\/en\/"},{"@type":"ListItem","position":2,"name":"Products","item":"https:\/\/www.slovakbabybox.sk\/en\/shop\/"},{"@type":"ListItem","position":3,"name":"Classic"}]},{"@type":"WebSite","@id":"https:\/\/www.slovakbabybox.sk\/en\/#website","url":"https:\/\/www.slovakbabybox.sk\/en\/","name":"Slovak Baby Box","description":"\u0160tartovac\u00ed bal\u00ed\u010dek pre b\u00e1b\u00e4tk\u00e1 in\u0161pirovan\u00fd f\u00ednskou trad\u00edciou","potentialAction":[{"@type":"SearchAction","target":{"@type":"EntryPoint","urlTemplate":"https:\/\/www.slovakbabybox.sk\/en\/?s={search_term_string}"},"query-input":{"@type":"PropertyValueSpecification","valueRequired":true,"valueName":"search_term_string"}}],"inLanguage":"en-US"}]}},"_links":{"self":[{"href":"https:\/\/www.slovakbabybox.sk\/en\/wp-json\/wp\/v2\/product\/1010","targetHints":{"allow":["GET"]}}],"collection":[{"href":"https:\/\/www.slovakbabybox.sk\/en\/wp-json\/wp\/v2\/product"}],"about":[{"href":"https:\/\/www.slovakbabybox.sk\/en\/wp-json\/wp\/v2\/types\/product"}],"wp:featuredmedia":[{"embeddable":true,"href":"https:\/\/www.slovakbabybox.sk\/en\/wp-json\/wp\/v2\/media\/676"}],"wp:attachment":[{"href":"https:\/\/www.slovakbabybox.sk\/en\/wp-json\/wp\/v2\/media?parent=1010"}],"wp:term":[{"taxonomy":"product_brand","embeddable":true,"href":"https:\/\/www.slovakbabybox.sk\/en\/wp-json\/wp\/v2\/product_brand?post=1010"},{"taxonomy":"product_cat","embeddable":true,"href":"https:\/\/www.slovakbabybox.sk\/en\/wp-json\/wp\/v2\/product_cat?post=1010"},{"taxonomy":"product_tag","embeddable":true,"href":"https:\/\/www.slovakbabybox.sk\/en\/wp-json\/wp\/v2\/product_tag?post=1010"}],"curies":[{"name":"wp","href":"https:\/\/api.w.org\/{rel}","templated":true}]}}