{"id":844,"date":"2018-02-07T14:55:15","date_gmt":"2018-02-07T13:55:15","guid":{"rendered":"https:\/\/www.slovakbabybox.sk\/privitajte-vase-babatko-s-baby-boxom\/"},"modified":"2018-12-03T23:50:54","modified_gmt":"2018-12-03T22:50:54","slug":"welcoming-baby-baby-box","status":"publish","type":"page","link":"https:\/\/www.slovakbabybox.sk\/en\/","title":{"rendered":"Welcoming your baby with Baby Box"},"content":{"rendered":"<div id=\"pl-844\"  class=\"panel-layout\" ><div id=\"pg-844-0\"  class=\"panel-grid panel-no-style\" ><div id=\"pgc-844-0-0\"  class=\"panel-grid-cell\" ><div id=\"panel-844-0-0-0\" class=\"so-panel widget widget_sow-editor panel-first-child panel-last-child\" data-index=\"0\" ><div\n\t\t\t\n\t\t\tclass=\"so-widget-sow-editor so-widget-sow-editor-base\"\n\t\t\t\n\t\t>\n<div class=\"siteorigin-widget-tinymce textwidget\">\n\t<p><span style=\"font-weight: 400;\">Is your essentials starter kit ready? No, don\u2019t panic! We stuffed our Baby Box with lots of useful essentials for your baby.\u00a0<strong>Free shipping within Slovak Republic.<\/strong><\/span><\/p>\n<\/div>\n<\/div><\/div><\/div><\/div><div id=\"pg-844-1\"  class=\"panel-grid panel-has-style\" ><div class=\"ctas panel-row-style panel-row-style-for-844-1\" ><div id=\"pgc-844-1-0\"  class=\"panel-grid-cell\" ><div id=\"panel-844-1-0-0\" class=\"so-panel widget widget_sow-editor panel-first-child panel-last-child\" data-index=\"1\" ><div\n\t\t\t\n\t\t\tclass=\"so-widget-sow-editor so-widget-sow-editor-base\"\n\t\t\t\n\t\t>\n<div class=\"siteorigin-widget-tinymce textwidget\">\n\t<p><a href=\"https:\/\/www.slovakbabybox.sk\/en\/product\/\" class=\"btn btn-blue\">Buy Baby Box<\/a>\u00a0<a href=\"#why-box\" class=\"btn btn-grey btn-outline\">Why Baby Box<\/a><\/p>\n<\/div>\n<\/div><\/div><\/div><\/div><\/div><\/div>","protected":false},"excerpt":{"rendered":"<p>Is your essentials starter kit ready? No, don\u2019t panic! We stuffed our Baby Box with lots of useful essentials for your baby.\u00a0Free shipping within Slovak Republic. Buy Baby Box\u00a0Why Baby Box<\/p>\n","protected":false},"author":1,"featured_media":0,"parent":0,"menu_order":0,"comment_status":"closed","ping_status":"open","template":"pages\/home.php","meta":{"_acf_changed":false,"footnotes":""},"class_list":["post-844","page","type-page","status-publish","hentry"],"acf":[],"yoast_head":"<!-- This site is optimized with the Yoast SEO plugin v26.1 - https:\/\/yoast.com\/wordpress\/plugins\/seo\/ -->\n<title>Slovak Baby Box | Best quality starter kit for babies<\/title>\n<meta name=\"description\" content=\"Get to know the Slovak Baby Box- starter kit inspired by Finnish tradition. You will find in it everything that is essential for your baby.\" \/>\n<meta name=\"robots\" content=\"index, follow, max-snippet:-1, max-image-preview:large, max-video-preview:-1\" \/>\n<link rel=\"canonical\" href=\"https:\/\/www.slovakbabybox.sk\/en\/\" \/>\n<meta property=\"og:locale\" content=\"en_US\" \/>\n<meta property=\"og:type\" content=\"article\" \/>\n<meta property=\"og:title\" content=\"Slovak Baby Box | Best quality starter kit for babies\" \/>\n<meta property=\"og:description\" content=\"Get to know the Slovak Baby Box- starter kit inspired by Finnish tradition. You will find in it everything that is essential for your baby.\" \/>\n<meta property=\"og:url\" content=\"https:\/\/www.slovakbabybox.sk\/en\/\" \/>\n<meta property=\"og:site_name\" content=\"Slovak Baby Box\" \/>\n<meta property=\"article:modified_time\" content=\"2018-12-03T22:50:54+00:00\" \/>\n<meta name=\"twitter:card\" content=\"summary_large_image\" \/>\n<script type=\"application\/ld+json\" class=\"yoast-schema-graph\">{\"@context\":\"https:\/\/schema.org\",\"@graph\":[{\"@type\":\"WebPage\",\"@id\":\"https:\/\/www.slovakbabybox.sk\/en\/\",\"url\":\"https:\/\/www.slovakbabybox.sk\/en\/\",\"name\":\"Slovak Baby Box | Best quality starter kit for babies\",\"isPartOf\":{\"@id\":\"https:\/\/www.slovakbabybox.sk\/en\/#website\"},\"datePublished\":\"2018-02-07T13:55:15+00:00\",\"dateModified\":\"2018-12-03T22:50:54+00:00\",\"description\":\"Get to know the Slovak Baby Box- starter kit inspired by Finnish tradition. You will find in it everything that is essential for your baby.\",\"breadcrumb\":{\"@id\":\"https:\/\/www.slovakbabybox.sk\/en\/#breadcrumb\"},\"inLanguage\":\"en-US\",\"potentialAction\":[{\"@type\":\"ReadAction\",\"target\":[\"https:\/\/www.slovakbabybox.sk\/en\/\"]}]},{\"@type\":\"BreadcrumbList\",\"@id\":\"https:\/\/www.slovakbabybox.sk\/en\/#breadcrumb\",\"itemListElement\":[{\"@type\":\"ListItem\",\"position\":1,\"name\":\"Home\",\"item\":\"https:\/\/www.slovakbabybox.sk\/en\/\"},{\"@type\":\"ListItem\",\"position\":2,\"name\":\"Welcoming your baby with Baby Box\"}]},{\"@type\":\"WebSite\",\"@id\":\"https:\/\/www.slovakbabybox.sk\/en\/#website\",\"url\":\"https:\/\/www.slovakbabybox.sk\/en\/\",\"name\":\"Slovak Baby Box\",\"description\":\"\u0160tartovac\u00ed bal\u00ed\u010dek pre b\u00e1b\u00e4tk\u00e1 in\u0161pirovan\u00fd f\u00ednskou trad\u00edciou\",\"potentialAction\":[{\"@type\":\"SearchAction\",\"target\":{\"@type\":\"EntryPoint\",\"urlTemplate\":\"https:\/\/www.slovakbabybox.sk\/en\/?s={search_term_string}\"},\"query-input\":{\"@type\":\"PropertyValueSpecification\",\"valueRequired\":true,\"valueName\":\"search_term_string\"}}],\"inLanguage\":\"en-US\"}]}<\/script>\n<!-- \/ Yoast SEO plugin. -->","yoast_head_json":{"title":"Slovak Baby Box | Best quality starter kit for babies","description":"Get to know the Slovak Baby Box- starter kit inspired by Finnish tradition. You will find in it everything that is essential for your baby.","robots":{"index":"index","follow":"follow","max-snippet":"max-snippet:-1","max-image-preview":"max-image-preview:large","max-video-preview":"max-video-preview:-1"},"canonical":"https:\/\/www.slovakbabybox.sk\/en\/","og_locale":"en_US","og_type":"article","og_title":"Slovak Baby Box | Best quality starter kit for babies","og_description":"Get to know the Slovak Baby Box- starter kit inspired by Finnish tradition. You will find in it everything that is essential for your baby.","og_url":"https:\/\/www.slovakbabybox.sk\/en\/","og_site_name":"Slovak Baby Box","article_modified_time":"2018-12-03T22:50:54+00:00","twitter_card":"summary_large_image","schema":{"@context":"https:\/\/schema.org","@graph":[{"@type":"WebPage","@id":"https:\/\/www.slovakbabybox.sk\/en\/","url":"https:\/\/www.slovakbabybox.sk\/en\/","name":"Slovak Baby Box | Best quality starter kit for babies","isPartOf":{"@id":"https:\/\/www.slovakbabybox.sk\/en\/#website"},"datePublished":"2018-02-07T13:55:15+00:00","dateModified":"2018-12-03T22:50:54+00:00","description":"Get to know the Slovak Baby Box- starter kit inspired by Finnish tradition. You will find in it everything that is essential for your baby.","breadcrumb":{"@id":"https:\/\/www.slovakbabybox.sk\/en\/#breadcrumb"},"inLanguage":"en-US","potentialAction":[{"@type":"ReadAction","target":["https:\/\/www.slovakbabybox.sk\/en\/"]}]},{"@type":"BreadcrumbList","@id":"https:\/\/www.slovakbabybox.sk\/en\/#breadcrumb","itemListElement":[{"@type":"ListItem","position":1,"name":"Home","item":"https:\/\/www.slovakbabybox.sk\/en\/"},{"@type":"ListItem","position":2,"name":"Welcoming your baby with Baby Box"}]},{"@type":"WebSite","@id":"https:\/\/www.slovakbabybox.sk\/en\/#website","url":"https:\/\/www.slovakbabybox.sk\/en\/","name":"Slovak Baby Box","description":"\u0160tartovac\u00ed bal\u00ed\u010dek pre b\u00e1b\u00e4tk\u00e1 in\u0161pirovan\u00fd f\u00ednskou trad\u00edciou","potentialAction":[{"@type":"SearchAction","target":{"@type":"EntryPoint","urlTemplate":"https:\/\/www.slovakbabybox.sk\/en\/?s={search_term_string}"},"query-input":{"@type":"PropertyValueSpecification","valueRequired":true,"valueName":"search_term_string"}}],"inLanguage":"en-US"}]}},"_links":{"self":[{"href":"https:\/\/www.slovakbabybox.sk\/en\/wp-json\/wp\/v2\/pages\/844","targetHints":{"allow":["GET"]}}],"collection":[{"href":"https:\/\/www.slovakbabybox.sk\/en\/wp-json\/wp\/v2\/pages"}],"about":[{"href":"https:\/\/www.slovakbabybox.sk\/en\/wp-json\/wp\/v2\/types\/page"}],"author":[{"embeddable":true,"href":"https:\/\/www.slovakbabybox.sk\/en\/wp-json\/wp\/v2\/users\/1"}],"replies":[{"embeddable":true,"href":"https:\/\/www.slovakbabybox.sk\/en\/wp-json\/wp\/v2\/comments?post=844"}],"version-history":[{"count":26,"href":"https:\/\/www.slovakbabybox.sk\/en\/wp-json\/wp\/v2\/pages\/844\/revisions"}],"predecessor-version":[{"id":1979,"href":"https:\/\/www.slovakbabybox.sk\/en\/wp-json\/wp\/v2\/pages\/844\/revisions\/1979"}],"wp:attachment":[{"href":"https:\/\/www.slovakbabybox.sk\/en\/wp-json\/wp\/v2\/media?parent=844"}],"curies":[{"name":"wp","href":"https:\/\/api.w.org\/{rel}","templated":true}]}}