{"id":837,"date":"2018-02-07T16:45:11","date_gmt":"2018-02-07T15:45:11","guid":{"rendered":"https:\/\/www.slovakbabybox.sk\/o-nas\/"},"modified":"2019-06-26T00:14:08","modified_gmt":"2019-06-25T22:14:08","slug":"aboutus","status":"publish","type":"page","link":"https:\/\/www.slovakbabybox.sk\/en\/aboutus\/","title":{"rendered":"We are Eva and Tom\u00e1\u0161"},"content":{"rendered":"<p>We are Eva and Tom\u00e1\u0161, parents of 3 amazing kids who are boosting us with lots of energy but at times also draining it. They make us happy, giving us joy, unconditional love and last but not least inspire us. That was the case of Slovak Baby box as well.<\/p>\n","protected":false},"excerpt":{"rendered":"<p>We are Eva and Tom\u00e1\u0161, parents of 3 amazing kids who are boosting us with lots of energy but at times also draining it. They make us happy, giving us joy, unconditional love and last but not least inspire us. That was the case of Slovak Baby box as well.<\/p>\n","protected":false},"author":1,"featured_media":0,"parent":0,"menu_order":0,"comment_status":"closed","ping_status":"closed","template":"pages\/about-us.php","meta":{"_acf_changed":false,"footnotes":""},"class_list":["post-837","page","type-page","status-publish","hentry"],"acf":[],"yoast_head":"<!-- This site is optimized with the Yoast SEO plugin v26.1 - https:\/\/yoast.com\/wordpress\/plugins\/seo\/ -->\n<title>About Us<\/title>\n<meta name=\"description\" content=\"Get to know the Slovak Baby Box and find out how the idea of bringing Finnish invention of baby box for babies to Slovakia was born.\" \/>\n<meta name=\"robots\" content=\"index, follow, max-snippet:-1, max-image-preview:large, max-video-preview:-1\" \/>\n<link rel=\"canonical\" href=\"https:\/\/www.slovakbabybox.sk\/en\/aboutus\/\" \/>\n<meta property=\"og:locale\" content=\"en_US\" \/>\n<meta property=\"og:type\" content=\"article\" \/>\n<meta property=\"og:title\" content=\"About Us\" \/>\n<meta property=\"og:description\" content=\"Get to know the Slovak Baby Box and find out how the idea of bringing Finnish invention of baby box for babies to Slovakia was born.\" \/>\n<meta property=\"og:url\" content=\"https:\/\/www.slovakbabybox.sk\/en\/aboutus\/\" \/>\n<meta property=\"og:site_name\" content=\"Slovak Baby Box\" \/>\n<meta property=\"article:modified_time\" content=\"2019-06-25T22:14:08+00:00\" \/>\n<meta name=\"twitter:card\" content=\"summary_large_image\" \/>\n<script type=\"application\/ld+json\" class=\"yoast-schema-graph\">{\"@context\":\"https:\/\/schema.org\",\"@graph\":[{\"@type\":\"WebPage\",\"@id\":\"https:\/\/www.slovakbabybox.sk\/en\/aboutus\/\",\"url\":\"https:\/\/www.slovakbabybox.sk\/en\/aboutus\/\",\"name\":\"About Us\",\"isPartOf\":{\"@id\":\"https:\/\/www.slovakbabybox.sk\/en\/#website\"},\"datePublished\":\"2018-02-07T15:45:11+00:00\",\"dateModified\":\"2019-06-25T22:14:08+00:00\",\"description\":\"Get to know the Slovak Baby Box and find out how the idea of bringing Finnish invention of baby box for babies to Slovakia was born.\",\"breadcrumb\":{\"@id\":\"https:\/\/www.slovakbabybox.sk\/en\/aboutus\/#breadcrumb\"},\"inLanguage\":\"en-US\",\"potentialAction\":[{\"@type\":\"ReadAction\",\"target\":[\"https:\/\/www.slovakbabybox.sk\/en\/aboutus\/\"]}]},{\"@type\":\"BreadcrumbList\",\"@id\":\"https:\/\/www.slovakbabybox.sk\/en\/aboutus\/#breadcrumb\",\"itemListElement\":[{\"@type\":\"ListItem\",\"position\":1,\"name\":\"Home\",\"item\":\"https:\/\/www.slovakbabybox.sk\/en\/\"},{\"@type\":\"ListItem\",\"position\":2,\"name\":\"We are Eva and Tom\u00e1\u0161\"}]},{\"@type\":\"WebSite\",\"@id\":\"https:\/\/www.slovakbabybox.sk\/en\/#website\",\"url\":\"https:\/\/www.slovakbabybox.sk\/en\/\",\"name\":\"Slovak Baby Box\",\"description\":\"\u0160tartovac\u00ed bal\u00ed\u010dek pre b\u00e1b\u00e4tk\u00e1 in\u0161pirovan\u00fd f\u00ednskou trad\u00edciou\",\"potentialAction\":[{\"@type\":\"SearchAction\",\"target\":{\"@type\":\"EntryPoint\",\"urlTemplate\":\"https:\/\/www.slovakbabybox.sk\/en\/?s={search_term_string}\"},\"query-input\":{\"@type\":\"PropertyValueSpecification\",\"valueRequired\":true,\"valueName\":\"search_term_string\"}}],\"inLanguage\":\"en-US\"}]}<\/script>\n<!-- \/ Yoast SEO plugin. -->","yoast_head_json":{"title":"About Us","description":"Get to know the Slovak Baby Box and find out how the idea of bringing Finnish invention of baby box for babies to Slovakia was born.","robots":{"index":"index","follow":"follow","max-snippet":"max-snippet:-1","max-image-preview":"max-image-preview:large","max-video-preview":"max-video-preview:-1"},"canonical":"https:\/\/www.slovakbabybox.sk\/en\/aboutus\/","og_locale":"en_US","og_type":"article","og_title":"About Us","og_description":"Get to know the Slovak Baby Box and find out how the idea of bringing Finnish invention of baby box for babies to Slovakia was born.","og_url":"https:\/\/www.slovakbabybox.sk\/en\/aboutus\/","og_site_name":"Slovak Baby Box","article_modified_time":"2019-06-25T22:14:08+00:00","twitter_card":"summary_large_image","schema":{"@context":"https:\/\/schema.org","@graph":[{"@type":"WebPage","@id":"https:\/\/www.slovakbabybox.sk\/en\/aboutus\/","url":"https:\/\/www.slovakbabybox.sk\/en\/aboutus\/","name":"About Us","isPartOf":{"@id":"https:\/\/www.slovakbabybox.sk\/en\/#website"},"datePublished":"2018-02-07T15:45:11+00:00","dateModified":"2019-06-25T22:14:08+00:00","description":"Get to know the Slovak Baby Box and find out how the idea of bringing Finnish invention of baby box for babies to Slovakia was born.","breadcrumb":{"@id":"https:\/\/www.slovakbabybox.sk\/en\/aboutus\/#breadcrumb"},"inLanguage":"en-US","potentialAction":[{"@type":"ReadAction","target":["https:\/\/www.slovakbabybox.sk\/en\/aboutus\/"]}]},{"@type":"BreadcrumbList","@id":"https:\/\/www.slovakbabybox.sk\/en\/aboutus\/#breadcrumb","itemListElement":[{"@type":"ListItem","position":1,"name":"Home","item":"https:\/\/www.slovakbabybox.sk\/en\/"},{"@type":"ListItem","position":2,"name":"We are Eva and Tom\u00e1\u0161"}]},{"@type":"WebSite","@id":"https:\/\/www.slovakbabybox.sk\/en\/#website","url":"https:\/\/www.slovakbabybox.sk\/en\/","name":"Slovak Baby Box","description":"\u0160tartovac\u00ed bal\u00ed\u010dek pre b\u00e1b\u00e4tk\u00e1 in\u0161pirovan\u00fd f\u00ednskou trad\u00edciou","potentialAction":[{"@type":"SearchAction","target":{"@type":"EntryPoint","urlTemplate":"https:\/\/www.slovakbabybox.sk\/en\/?s={search_term_string}"},"query-input":{"@type":"PropertyValueSpecification","valueRequired":true,"valueName":"search_term_string"}}],"inLanguage":"en-US"}]}},"_links":{"self":[{"href":"https:\/\/www.slovakbabybox.sk\/en\/wp-json\/wp\/v2\/pages\/837","targetHints":{"allow":["GET"]}}],"collection":[{"href":"https:\/\/www.slovakbabybox.sk\/en\/wp-json\/wp\/v2\/pages"}],"about":[{"href":"https:\/\/www.slovakbabybox.sk\/en\/wp-json\/wp\/v2\/types\/page"}],"author":[{"embeddable":true,"href":"https:\/\/www.slovakbabybox.sk\/en\/wp-json\/wp\/v2\/users\/1"}],"replies":[{"embeddable":true,"href":"https:\/\/www.slovakbabybox.sk\/en\/wp-json\/wp\/v2\/comments?post=837"}],"version-history":[{"count":4,"href":"https:\/\/www.slovakbabybox.sk\/en\/wp-json\/wp\/v2\/pages\/837\/revisions"}],"predecessor-version":[{"id":2724,"href":"https:\/\/www.slovakbabybox.sk\/en\/wp-json\/wp\/v2\/pages\/837\/revisions\/2724"}],"wp:attachment":[{"href":"https:\/\/www.slovakbabybox.sk\/en\/wp-json\/wp\/v2\/media?parent=837"}],"curies":[{"name":"wp","href":"https:\/\/api.w.org\/{rel}","templated":true}]}}