{"id":833,"date":"2018-02-07T16:45:23","date_gmt":"2018-02-07T15:45:23","guid":{"rendered":"https:\/\/www.slovakbabybox.sk\/kontakt\/"},"modified":"2018-08-27T22:01:07","modified_gmt":"2018-08-27T20:01:07","slug":"contact","status":"publish","type":"page","link":"https:\/\/www.slovakbabybox.sk\/en\/contact\/","title":{"rendered":"Contact"},"content":{"rendered":"<div id=\"pl-833\"  class=\"panel-layout\" ><div id=\"pg-833-0\"  class=\"panel-grid panel-no-style\" ><div id=\"pgc-833-0-0\"  class=\"panel-grid-cell\" ><div id=\"panel-833-0-0-0\" class=\"so-panel widget widget_sow-editor panel-first-child panel-last-child\" data-index=\"0\" ><div\n\t\t\t\n\t\t\tclass=\"so-widget-sow-editor so-widget-sow-editor-base\"\n\t\t\t\n\t\t>\n<div class=\"siteorigin-widget-tinymce textwidget\">\n\t<h2>Contact details<\/h2>\n<p><strong>E-mail:<\/strong> <a href=\"mailto:info@slovakbabybox.sk\">info@slovakbabybox.sk<\/a><br \/>\n<strong>Tel.:<\/strong> <a href=\"#\">+421 915 996 114<\/a><\/p>\n<hr \/>\n<h3>Billing address<\/h3>\n<div class=\"row\">\n<div class=\"col-xs-12 col-sm-6\">\n<p><strong>Slovak Baby Box s.r.o<\/strong><br \/>\nPovrazn\u00edcka 18<br \/>\nBratislava 811 05, Slovakia<\/p>\n<\/div>\n<div class=\"col-xs-12 col-sm-6\">\n<p>Company ID: 51021731<br \/>\nTAX ID: 2120566899<br \/>\nVAT ID: SK2120566899<\/p>\n<\/div>\n<\/div>\n<p><small>Okr. Sud BA1 Vlo\u017eka \u010d\u00edslo: 121556\/B<\/small><\/p>\n<hr \/>\n<p>Responsible person: Eva Prnov\u00e1<br \/>\nOpen hours: Monday to Friday from 9:00 to 17:00<br \/>\nReceiving orders via e-shop: nonstop<br \/>\nIBAN:\u00a0SK76 1100 0000 0029 4904 2994<\/p>\n<\/div>\n<\/div><\/div><\/div><div id=\"pgc-833-0-1\"  class=\"panel-grid-cell\" ><div id=\"panel-833-0-1-0\" class=\"so-panel widget widget_sow-editor panel-first-child panel-last-child\" data-index=\"1\" ><div\n\t\t\t\n\t\t\tclass=\"so-widget-sow-editor so-widget-sow-editor-base\"\n\t\t\t\n\t\t>\n<div class=\"siteorigin-widget-tinymce textwidget\">\n\t<h2>Possible cooperation<\/h2>\n<p>Do you have any original products which you think would suit our Baby Box?<br \/>\nWould you like to receive bigger or regular delivery of our boxes with possible adjustments according to your needs? We are open to all kinds of suggestions and will consider all your requests, please do not hesitate to contact us on this matter.<\/p>\n<\/div>\n<\/div><\/div><\/div><\/div><\/div>","protected":false},"excerpt":{"rendered":"<p>Contact details E-mail: info@slovakbabybox.sk Tel.: +421 915 996 114 Billing address Slovak Baby Box s.r.o Povrazn\u00edcka 18 Bratislava 811 05, Slovakia Company ID: 51021731 TAX ID: 2120566899 VAT ID: SK2120566899 Okr. Sud BA1 Vlo\u017eka \u010d\u00edslo: 121556\/B Responsible person: Eva Prnov\u00e1 Open hours: Monday to Friday from 9:00 to 17:00 Receiving orders via e-shop: nonstop IBAN:\u00a0SK76 [&hellip;]<\/p>\n","protected":false},"author":1,"featured_media":0,"parent":0,"menu_order":0,"comment_status":"closed","ping_status":"closed","template":"pages\/contact.php","meta":{"_acf_changed":false,"footnotes":""},"class_list":["post-833","page","type-page","status-publish","hentry"],"acf":[],"yoast_head":"<!-- This site is optimized with the Yoast SEO plugin v26.1 - https:\/\/yoast.com\/wordpress\/plugins\/seo\/ -->\n<title>Contact - Slovak Baby Box<\/title>\n<meta name=\"description\" content=\"Contact us. We will be happy to answer all your questions.\" \/>\n<meta name=\"robots\" content=\"index, follow, max-snippet:-1, max-image-preview:large, max-video-preview:-1\" \/>\n<link rel=\"canonical\" href=\"https:\/\/www.slovakbabybox.sk\/en\/contact\/\" \/>\n<meta property=\"og:locale\" content=\"en_US\" \/>\n<meta property=\"og:type\" content=\"article\" \/>\n<meta property=\"og:title\" content=\"Contact - Slovak Baby Box\" \/>\n<meta property=\"og:description\" content=\"Contact us. We will be happy to answer all your questions.\" \/>\n<meta property=\"og:url\" content=\"https:\/\/www.slovakbabybox.sk\/en\/contact\/\" \/>\n<meta property=\"og:site_name\" content=\"Slovak Baby Box\" \/>\n<meta property=\"article:modified_time\" content=\"2018-08-27T20:01:07+00:00\" \/>\n<meta name=\"twitter:card\" content=\"summary_large_image\" \/>\n<meta name=\"twitter:label1\" content=\"Est. reading time\" \/>\n\t<meta name=\"twitter:data1\" content=\"1 minute\" \/>\n<script type=\"application\/ld+json\" class=\"yoast-schema-graph\">{\"@context\":\"https:\/\/schema.org\",\"@graph\":[{\"@type\":\"WebPage\",\"@id\":\"https:\/\/www.slovakbabybox.sk\/en\/contact\/\",\"url\":\"https:\/\/www.slovakbabybox.sk\/en\/contact\/\",\"name\":\"Contact - Slovak Baby Box\",\"isPartOf\":{\"@id\":\"https:\/\/www.slovakbabybox.sk\/en\/#website\"},\"datePublished\":\"2018-02-07T15:45:23+00:00\",\"dateModified\":\"2018-08-27T20:01:07+00:00\",\"description\":\"Contact us. We will be happy to answer all your questions.\",\"breadcrumb\":{\"@id\":\"https:\/\/www.slovakbabybox.sk\/en\/contact\/#breadcrumb\"},\"inLanguage\":\"en-US\",\"potentialAction\":[{\"@type\":\"ReadAction\",\"target\":[\"https:\/\/www.slovakbabybox.sk\/en\/contact\/\"]}]},{\"@type\":\"BreadcrumbList\",\"@id\":\"https:\/\/www.slovakbabybox.sk\/en\/contact\/#breadcrumb\",\"itemListElement\":[{\"@type\":\"ListItem\",\"position\":1,\"name\":\"Home\",\"item\":\"https:\/\/www.slovakbabybox.sk\/en\/\"},{\"@type\":\"ListItem\",\"position\":2,\"name\":\"Contact\"}]},{\"@type\":\"WebSite\",\"@id\":\"https:\/\/www.slovakbabybox.sk\/en\/#website\",\"url\":\"https:\/\/www.slovakbabybox.sk\/en\/\",\"name\":\"Slovak Baby Box\",\"description\":\"\u0160tartovac\u00ed bal\u00ed\u010dek pre b\u00e1b\u00e4tk\u00e1 in\u0161pirovan\u00fd f\u00ednskou trad\u00edciou\",\"potentialAction\":[{\"@type\":\"SearchAction\",\"target\":{\"@type\":\"EntryPoint\",\"urlTemplate\":\"https:\/\/www.slovakbabybox.sk\/en\/?s={search_term_string}\"},\"query-input\":{\"@type\":\"PropertyValueSpecification\",\"valueRequired\":true,\"valueName\":\"search_term_string\"}}],\"inLanguage\":\"en-US\"}]}<\/script>\n<!-- \/ Yoast SEO plugin. -->","yoast_head_json":{"title":"Contact - Slovak Baby Box","description":"Contact us. We will be happy to answer all your questions.","robots":{"index":"index","follow":"follow","max-snippet":"max-snippet:-1","max-image-preview":"max-image-preview:large","max-video-preview":"max-video-preview:-1"},"canonical":"https:\/\/www.slovakbabybox.sk\/en\/contact\/","og_locale":"en_US","og_type":"article","og_title":"Contact - Slovak Baby Box","og_description":"Contact us. We will be happy to answer all your questions.","og_url":"https:\/\/www.slovakbabybox.sk\/en\/contact\/","og_site_name":"Slovak Baby Box","article_modified_time":"2018-08-27T20:01:07+00:00","twitter_card":"summary_large_image","twitter_misc":{"Est. reading time":"1 minute"},"schema":{"@context":"https:\/\/schema.org","@graph":[{"@type":"WebPage","@id":"https:\/\/www.slovakbabybox.sk\/en\/contact\/","url":"https:\/\/www.slovakbabybox.sk\/en\/contact\/","name":"Contact - Slovak Baby Box","isPartOf":{"@id":"https:\/\/www.slovakbabybox.sk\/en\/#website"},"datePublished":"2018-02-07T15:45:23+00:00","dateModified":"2018-08-27T20:01:07+00:00","description":"Contact us. We will be happy to answer all your questions.","breadcrumb":{"@id":"https:\/\/www.slovakbabybox.sk\/en\/contact\/#breadcrumb"},"inLanguage":"en-US","potentialAction":[{"@type":"ReadAction","target":["https:\/\/www.slovakbabybox.sk\/en\/contact\/"]}]},{"@type":"BreadcrumbList","@id":"https:\/\/www.slovakbabybox.sk\/en\/contact\/#breadcrumb","itemListElement":[{"@type":"ListItem","position":1,"name":"Home","item":"https:\/\/www.slovakbabybox.sk\/en\/"},{"@type":"ListItem","position":2,"name":"Contact"}]},{"@type":"WebSite","@id":"https:\/\/www.slovakbabybox.sk\/en\/#website","url":"https:\/\/www.slovakbabybox.sk\/en\/","name":"Slovak Baby Box","description":"\u0160tartovac\u00ed bal\u00ed\u010dek pre b\u00e1b\u00e4tk\u00e1 in\u0161pirovan\u00fd f\u00ednskou trad\u00edciou","potentialAction":[{"@type":"SearchAction","target":{"@type":"EntryPoint","urlTemplate":"https:\/\/www.slovakbabybox.sk\/en\/?s={search_term_string}"},"query-input":{"@type":"PropertyValueSpecification","valueRequired":true,"valueName":"search_term_string"}}],"inLanguage":"en-US"}]}},"_links":{"self":[{"href":"https:\/\/www.slovakbabybox.sk\/en\/wp-json\/wp\/v2\/pages\/833","targetHints":{"allow":["GET"]}}],"collection":[{"href":"https:\/\/www.slovakbabybox.sk\/en\/wp-json\/wp\/v2\/pages"}],"about":[{"href":"https:\/\/www.slovakbabybox.sk\/en\/wp-json\/wp\/v2\/types\/page"}],"author":[{"embeddable":true,"href":"https:\/\/www.slovakbabybox.sk\/en\/wp-json\/wp\/v2\/users\/1"}],"replies":[{"embeddable":true,"href":"https:\/\/www.slovakbabybox.sk\/en\/wp-json\/wp\/v2\/comments?post=833"}],"version-history":[{"count":21,"href":"https:\/\/www.slovakbabybox.sk\/en\/wp-json\/wp\/v2\/pages\/833\/revisions"}],"predecessor-version":[{"id":1850,"href":"https:\/\/www.slovakbabybox.sk\/en\/wp-json\/wp\/v2\/pages\/833\/revisions\/1850"}],"wp:attachment":[{"href":"https:\/\/www.slovakbabybox.sk\/en\/wp-json\/wp\/v2\/media?parent=833"}],"curies":[{"name":"wp","href":"https:\/\/api.w.org\/{rel}","templated":true}]}}